{"id":4219,"date":"2025-02-11T15:36:37","date_gmt":"2025-02-11T14:36:37","guid":{"rendered":"https:\/\/sarahvillalta.com\/?page_id=4219"},"modified":"2025-08-28T11:08:30","modified_gmt":"2025-08-28T10:08:30","slug":"test","status":"publish","type":"page","link":"https:\/\/sarahvillalta.com\/de\/beauty\/test\/","title":{"rendered":"Test"},"content":{"rendered":"<div data-elementor-type=\"wp-page\" data-elementor-id=\"4219\" class=\"elementor elementor-4219\">\n\t\t\t\t\t\t<section class=\"elementor-section elementor-top-section elementor-element elementor-element-d5d2dbe elementor-section-full_width elementor-section-stretched elementor-section-height-default elementor-section-height-default wpr-particle-no wpr-jarallax-no wpr-parallax-no wpr-sticky-section-no wpr-equal-height-no\" data-id=\"d5d2dbe\" data-element_type=\"section\" data-e-type=\"section\" data-settings=\"{&quot;stretch_section&quot;:&quot;section-stretched&quot;,&quot;background_background&quot;:&quot;classic&quot;}\">\n\t\t\t\t\t\t<div class=\"elementor-container elementor-column-gap-default\">\n\t\t\t\t\t<div class=\"elementor-column elementor-col-100 elementor-top-column elementor-element elementor-element-8c4613a\" data-id=\"8c4613a\" data-element_type=\"column\" data-e-type=\"column\">\n\t\t\t<div class=\"elementor-widget-wrap elementor-element-populated\">\n\t\t\t\t\t\t<div class=\"elementor-element elementor-element-d8f93db elementor-widget elementor-widget-heading\" data-id=\"d8f93db\" data-element_type=\"widget\" data-e-type=\"widget\" data-widget_type=\"heading.default\">\n\t\t\t\t<div class=\"elementor-widget-container\">\n\t\t\t\t\t<h2 class=\"elementor-heading-title elementor-size-default\">DI CHE CONSULENZA HO BISOGNO?<\/h2>\t\t\t\t<\/div>\n\t\t\t\t<\/div>\n\t\t\t\t\t<\/div>\n\t\t<\/div>\n\t\t\t\t\t<\/div>\n\t\t<\/section>\n\t\t<div class=\"elementor-element elementor-element-1375c53 e-flex e-con-boxed wpr-particle-no wpr-jarallax-no wpr-parallax-no wpr-sticky-section-no wpr-equal-height-no e-con e-parent\" data-id=\"1375c53\" data-element_type=\"container\" data-e-type=\"container\">\n\t\t\t\t\t<div class=\"e-con-inner\">\n\t\t\t\t<div class=\"elementor-element elementor-element-c35b5c9 elementor-widget elementor-widget-shortcode\" data-id=\"c35b5c9\" data-element_type=\"widget\" data-e-type=\"widget\" data-widget_type=\"shortcode.default\">\n\t\t\t\t<div class=\"elementor-widget-container\">\n\t\t\t\t\t\t\t<div class=\"elementor-shortcode\"><form\n\t\t\t\tid=\"forminator-module-4218\"\n\t\t\t\tclass=\"forminator-ui forminator-quiz forminator-quiz-4218 forminator-quiz--list forminator-design--default\"\n\t\t\t\tmethod=\"post\"\n\t\t\t\tdata-forminator-render=\"0\"\n\t\t\t\tdata-form-id=\"4218\"\n\t\t\t\t data-color-option=\"default\" data-design=\"default\" data-quiz=\"nowrong\" aria-live=\"polite\" data-spacing=\"default\" data-alignment=\"left\" style=\"display: none;\"\n\t\t\t\tdata-uid=\"6a06e33d1fae2\" action=\"\"\n\t\t\t><div role=\"alert\" aria-live=\"polite\" class=\"forminator-response-message forminator-error forminator-hidden\"><\/div><div class=\"forminator-quiz-intro\">\n\t\t\t\t\t<h3 class=\"forminator-quiz--title\">Scopri la Consulenza d\u2019Immagine Perfetta per Te!<\/h3>\n\t\t\n\t\t\n\t\t\t\t\t<div class=\"forminator-quiz--description\"><p data-olk-copy-source=\"MessageBody\">Benvenuta! Questo test \u00e8 stato creato per aiutarti a capire di quale consulenza hai bisogno per esprimere al meglio la tua personalit\u00e0 attraverso il tuo look. Rispondi alle domande in modo spontaneo e alla fine scoprirai quale percorso di consulenza \u00e8 pi\u00f9 adatto a te. Che tu voglia rivoluzionare il tuo guardaroba, trovare i colori che ti illuminano o capire quali capi valorizzano la tua figura, qui troverai la soluzione perfetta!<\/p>\n<p>&nbsp;<\/p><\/div>\n\t\t\n\t\t<button class=\"forminator-button forminator-quiz-start\" style=\"margin: 0 auto; display: block;\">Inizia il test<\/button><\/div><div role=\"tabpanel\" id=\"forminator-custom-form-4218--page-0\" class=\"forminator-pagination forminator-hidden\" aria-labelledby=\"forminator-custom-form-4218--page-0-label\" data-step=\"0\" data-label=\"Seite 0\"><div class=\"forminator-pagination--content\"><div class=\"forminator-page-indicator\"><span>Seite 1 von 5<\/span><\/div>\n\t\t<div\n\t\t\ttabindex=\"0\"\n\t\t\trole=\"radiogroup\"\n\t\t\tid=\"question-6014-4365\"\n\t\t\tclass=\"forminator-question\"\n\t\t\tdata-question-type=\"personality\"\n\t\t\taria-labelledby=\"question-6014-4365-label\"\n\t\t\taria-describedby=\"question-6014-4365-description\"\n\t\t\taria-required=\"true\"\n\t\t>\n\n\t\t\t<span id=\"question-6014-4365-label\" class=\"forminator-legend\">Qual \u00e8 il tuo principale obiettivo di stile in questo momento?<\/span>\n\t\t\t\n\t\t\t\t\t<label for=\"question-6014-4365-0-6a06e33d202b0\" class=\"forminator-answer forminator-only--text\">\n\n\t\t\t\t\t\t<input\n\t\t\t\t\t\t\ttype=\"radio\"\n\t\t\t\t\t\t\tname=\"answers[question-6014-4365]\"\n\t\t\t\t\t\t\tvalue=\"0\"\n\t\t\t\t\t\t\tid=\"question-6014-4365-0-6a06e33d202b0\"\n\t\t\t\t\t\t\tclass=\"\"\n\t\t\t\t\t\t\/>\n\n\t\t\t\t\t\t<span class=\"forminator-answer--design\" for=\"question-6014-4365-0-6a06e33d202b0\">\n\t\t\t\t\t\t\n\t\t\t\t\t\t<span class=\"forminator-answer--status\" aria-hidden=\"true\">\n\t\t\t\t\t\t\t<i class=\"forminator-icon-check\"><\/i>\n\t\t\t\t\t\t<\/span>\n\n\t\t\t\t\t\t\t\t\t\t\t\t\t<span class=\"forminator-answer--name\">Scoprire i colori che mi valorizzano di pi\u00f9.<\/span>\n\t\t\t\t\t\t\n\t\t\t\t\t\t<\/span>\n\t\t\t\t\t<\/label>\n\n\t\t\t\t\t\n\t\t\t\t\t<label for=\"question-6014-4365-1-6a06e33d202b0\" class=\"forminator-answer forminator-only--text\">\n\n\t\t\t\t\t\t<input\n\t\t\t\t\t\t\ttype=\"radio\"\n\t\t\t\t\t\t\tname=\"answers[question-6014-4365]\"\n\t\t\t\t\t\t\tvalue=\"1\"\n\t\t\t\t\t\t\tid=\"question-6014-4365-1-6a06e33d202b0\"\n\t\t\t\t\t\t\tclass=\"\"\n\t\t\t\t\t\t\/>\n\n\t\t\t\t\t\t<span class=\"forminator-answer--design\" for=\"question-6014-4365-1-6a06e33d202b0\">\n\t\t\t\t\t\t\n\t\t\t\t\t\t<span class=\"forminator-answer--status\" aria-hidden=\"true\">\n\t\t\t\t\t\t\t<i class=\"forminator-icon-check\"><\/i>\n\t\t\t\t\t\t<\/span>\n\n\t\t\t\t\t\t\t\t\t\t\t\t\t<span class=\"forminator-answer--name\">Capire quali capi e accessori si adattano meglio alla mia forma del corpo e del viso.<\/span>\n\t\t\t\t\t\t\n\t\t\t\t\t\t<\/span>\n\t\t\t\t\t<\/label>\n\n\t\t\t\t\t\n\t\t\t\t\t<label for=\"question-6014-4365-2-6a06e33d202b0\" class=\"forminator-answer forminator-only--text\">\n\n\t\t\t\t\t\t<input\n\t\t\t\t\t\t\ttype=\"radio\"\n\t\t\t\t\t\t\tname=\"answers[question-6014-4365]\"\n\t\t\t\t\t\t\tvalue=\"2\"\n\t\t\t\t\t\t\tid=\"question-6014-4365-2-6a06e33d202b0\"\n\t\t\t\t\t\t\tclass=\"\"\n\t\t\t\t\t\t\/>\n\n\t\t\t\t\t\t<span class=\"forminator-answer--design\" for=\"question-6014-4365-2-6a06e33d202b0\">\n\t\t\t\t\t\t\n\t\t\t\t\t\t<span class=\"forminator-answer--status\" aria-hidden=\"true\">\n\t\t\t\t\t\t\t<i class=\"forminator-icon-check\"><\/i>\n\t\t\t\t\t\t<\/span>\n\n\t\t\t\t\t\t\t\t\t\t\t\t\t<span class=\"forminator-answer--name\">Definire uno stile personale che mi rappresenti.<\/span>\n\t\t\t\t\t\t\n\t\t\t\t\t\t<\/span>\n\t\t\t\t\t<\/label>\n\n\t\t\t\t\t\n\t\t<\/div>\n\n\t\t<\/div><\/div><div role=\"tabpanel\" id=\"forminator-custom-form-4218--page-1\" class=\"forminator-pagination forminator-hidden\" aria-labelledby=\"forminator-custom-form-4218--page-1-label\" data-step=\"1\" data-label=\"Seite 1\"><div class=\"forminator-pagination--content\"><div class=\"forminator-page-indicator\"><span>Seite 2 von 5<\/span><\/div>\n\t\t<div\n\t\t\ttabindex=\"0\"\n\t\t\trole=\"radiogroup\"\n\t\t\tid=\"question-3755-1003\"\n\t\t\tclass=\"forminator-question\"\n\t\t\tdata-question-type=\"personality\"\n\t\t\taria-labelledby=\"question-3755-1003-label\"\n\t\t\taria-describedby=\"question-3755-1003-description\"\n\t\t\taria-required=\"true\"\n\t\t>\n\n\t\t\t<span id=\"question-3755-1003-label\" class=\"forminator-legend\">Cosa ti mette pi\u00f9 in difficolt\u00e0 quando scegli cosa indossare?<\/span>\n\t\t\t\n\t\t\t\t\t<label for=\"question-3755-1003-0-6a06e33d20325\" class=\"forminator-answer forminator-only--text\">\n\n\t\t\t\t\t\t<input\n\t\t\t\t\t\t\ttype=\"radio\"\n\t\t\t\t\t\t\tname=\"answers[question-3755-1003]\"\n\t\t\t\t\t\t\tvalue=\"0\"\n\t\t\t\t\t\t\tid=\"question-3755-1003-0-6a06e33d20325\"\n\t\t\t\t\t\t\tclass=\"\"\n\t\t\t\t\t\t\/>\n\n\t\t\t\t\t\t<span class=\"forminator-answer--design\" for=\"question-3755-1003-0-6a06e33d20325\">\n\t\t\t\t\t\t\n\t\t\t\t\t\t<span class=\"forminator-answer--status\" aria-hidden=\"true\">\n\t\t\t\t\t\t\t<i class=\"forminator-icon-check\"><\/i>\n\t\t\t\t\t\t<\/span>\n\n\t\t\t\t\t\t\t\t\t\t\t\t\t<span class=\"forminator-answer--name\">Spesso non so quali colori mi stanno meglio.<\/span>\n\t\t\t\t\t\t\n\t\t\t\t\t\t<\/span>\n\t\t\t\t\t<\/label>\n\n\t\t\t\t\t\n\t\t\t\t\t<label for=\"question-3755-1003-1-6a06e33d20325\" class=\"forminator-answer forminator-only--text\">\n\n\t\t\t\t\t\t<input\n\t\t\t\t\t\t\ttype=\"radio\"\n\t\t\t\t\t\t\tname=\"answers[question-3755-1003]\"\n\t\t\t\t\t\t\tvalue=\"1\"\n\t\t\t\t\t\t\tid=\"question-3755-1003-1-6a06e33d20325\"\n\t\t\t\t\t\t\tclass=\"\"\n\t\t\t\t\t\t\/>\n\n\t\t\t\t\t\t<span class=\"forminator-answer--design\" for=\"question-3755-1003-1-6a06e33d20325\">\n\t\t\t\t\t\t\n\t\t\t\t\t\t<span class=\"forminator-answer--status\" aria-hidden=\"true\">\n\t\t\t\t\t\t\t<i class=\"forminator-icon-check\"><\/i>\n\t\t\t\t\t\t<\/span>\n\n\t\t\t\t\t\t\t\t\t\t\t\t\t<span class=\"forminator-answer--name\">Non riesco a capire quali vestiti valorizzano la mia figura.<\/span>\n\t\t\t\t\t\t\n\t\t\t\t\t\t<\/span>\n\t\t\t\t\t<\/label>\n\n\t\t\t\t\t\n\t\t\t\t\t<label for=\"question-3755-1003-2-6a06e33d20325\" class=\"forminator-answer forminator-only--text\">\n\n\t\t\t\t\t\t<input\n\t\t\t\t\t\t\ttype=\"radio\"\n\t\t\t\t\t\t\tname=\"answers[question-3755-1003]\"\n\t\t\t\t\t\t\tvalue=\"2\"\n\t\t\t\t\t\t\tid=\"question-3755-1003-2-6a06e33d20325\"\n\t\t\t\t\t\t\tclass=\"\"\n\t\t\t\t\t\t\/>\n\n\t\t\t\t\t\t<span class=\"forminator-answer--design\" for=\"question-3755-1003-2-6a06e33d20325\">\n\t\t\t\t\t\t\n\t\t\t\t\t\t<span class=\"forminator-answer--status\" aria-hidden=\"true\">\n\t\t\t\t\t\t\t<i class=\"forminator-icon-check\"><\/i>\n\t\t\t\t\t\t<\/span>\n\n\t\t\t\t\t\t\t\t\t\t\t\t\t<span class=\"forminator-answer--name\">Il mio guardaroba \u00e8 pieno, ma non so mai cosa mettere.<\/span>\n\t\t\t\t\t\t\n\t\t\t\t\t\t<\/span>\n\t\t\t\t\t<\/label>\n\n\t\t\t\t\t\n\t\t<\/div>\n\n\t\t<\/div><\/div><div role=\"tabpanel\" id=\"forminator-custom-form-4218--page-2\" class=\"forminator-pagination forminator-hidden\" aria-labelledby=\"forminator-custom-form-4218--page-2-label\" data-step=\"2\" data-label=\"Seite 2\"><div class=\"forminator-pagination--content\"><div class=\"forminator-page-indicator\"><span>Seite 3 von 5<\/span><\/div>\n\t\t<div\n\t\t\ttabindex=\"0\"\n\t\t\trole=\"radiogroup\"\n\t\t\tid=\"question-5322-4698\"\n\t\t\tclass=\"forminator-question\"\n\t\t\tdata-question-type=\"personality\"\n\t\t\taria-labelledby=\"question-5322-4698-label\"\n\t\t\taria-describedby=\"question-5322-4698-description\"\n\t\t\taria-required=\"true\"\n\t\t>\n\n\t\t\t<span id=\"question-5322-4698-label\" class=\"forminator-legend\">Cosa ti piacerebbe migliorare del tuo look?<\/span>\n\t\t\t\n\t\t\t\t\t<label for=\"question-5322-4698-0-6a06e33d20393\" class=\"forminator-answer forminator-only--text\">\n\n\t\t\t\t\t\t<input\n\t\t\t\t\t\t\ttype=\"radio\"\n\t\t\t\t\t\t\tname=\"answers[question-5322-4698]\"\n\t\t\t\t\t\t\tvalue=\"0\"\n\t\t\t\t\t\t\tid=\"question-5322-4698-0-6a06e33d20393\"\n\t\t\t\t\t\t\tclass=\"\"\n\t\t\t\t\t\t\/>\n\n\t\t\t\t\t\t<span class=\"forminator-answer--design\" for=\"question-5322-4698-0-6a06e33d20393\">\n\t\t\t\t\t\t\n\t\t\t\t\t\t<span class=\"forminator-answer--status\" aria-hidden=\"true\">\n\t\t\t\t\t\t\t<i class=\"forminator-icon-check\"><\/i>\n\t\t\t\t\t\t<\/span>\n\n\t\t\t\t\t\t\t\t\t\t\t\t\t<span class=\"forminator-answer--name\">Vorrei avere una palette di colori che esalti il mio incarnato.<\/span>\n\t\t\t\t\t\t\n\t\t\t\t\t\t<\/span>\n\t\t\t\t\t<\/label>\n\n\t\t\t\t\t\n\t\t\t\t\t<label for=\"question-5322-4698-1-6a06e33d20393\" class=\"forminator-answer forminator-only--text\">\n\n\t\t\t\t\t\t<input\n\t\t\t\t\t\t\ttype=\"radio\"\n\t\t\t\t\t\t\tname=\"answers[question-5322-4698]\"\n\t\t\t\t\t\t\tvalue=\"1\"\n\t\t\t\t\t\t\tid=\"question-5322-4698-1-6a06e33d20393\"\n\t\t\t\t\t\t\tclass=\"\"\n\t\t\t\t\t\t\/>\n\n\t\t\t\t\t\t<span class=\"forminator-answer--design\" for=\"question-5322-4698-1-6a06e33d20393\">\n\t\t\t\t\t\t\n\t\t\t\t\t\t<span class=\"forminator-answer--status\" aria-hidden=\"true\">\n\t\t\t\t\t\t\t<i class=\"forminator-icon-check\"><\/i>\n\t\t\t\t\t\t<\/span>\n\n\t\t\t\t\t\t\t\t\t\t\t\t\t<span class=\"forminator-answer--name\">Voglio imparare a vestirmi in base alla mia forma del corpo e del viso.<\/span>\n\t\t\t\t\t\t\n\t\t\t\t\t\t<\/span>\n\t\t\t\t\t<\/label>\n\n\t\t\t\t\t\n\t\t\t\t\t<label for=\"question-5322-4698-2-6a06e33d20393\" class=\"forminator-answer forminator-only--text\">\n\n\t\t\t\t\t\t<input\n\t\t\t\t\t\t\ttype=\"radio\"\n\t\t\t\t\t\t\tname=\"answers[question-5322-4698]\"\n\t\t\t\t\t\t\tvalue=\"2\"\n\t\t\t\t\t\t\tid=\"question-5322-4698-2-6a06e33d20393\"\n\t\t\t\t\t\t\tclass=\"\"\n\t\t\t\t\t\t\/>\n\n\t\t\t\t\t\t<span class=\"forminator-answer--design\" for=\"question-5322-4698-2-6a06e33d20393\">\n\t\t\t\t\t\t\n\t\t\t\t\t\t<span class=\"forminator-answer--status\" aria-hidden=\"true\">\n\t\t\t\t\t\t\t<i class=\"forminator-icon-check\"><\/i>\n\t\t\t\t\t\t<\/span>\n\n\t\t\t\t\t\t\t\t\t\t\t\t\t<span class=\"forminator-answer--name\">Desidero un guardaroba pi\u00f9 funzionale e organizzato.<\/span>\n\t\t\t\t\t\t\n\t\t\t\t\t\t<\/span>\n\t\t\t\t\t<\/label>\n\n\t\t\t\t\t\n\t\t<\/div>\n\n\t\t<\/div><\/div><div role=\"tabpanel\" id=\"forminator-custom-form-4218--page-3\" class=\"forminator-pagination forminator-hidden\" aria-labelledby=\"forminator-custom-form-4218--page-3-label\" data-step=\"3\" data-label=\"Seite 3\"><div class=\"forminator-pagination--content\"><div class=\"forminator-page-indicator\"><span>Seite 4 von 5<\/span><\/div>\n\t\t<div\n\t\t\ttabindex=\"0\"\n\t\t\trole=\"radiogroup\"\n\t\t\tid=\"question-6543-5421\"\n\t\t\tclass=\"forminator-question\"\n\t\t\tdata-question-type=\"personality\"\n\t\t\taria-labelledby=\"question-6543-5421-label\"\n\t\t\taria-describedby=\"question-6543-5421-description\"\n\t\t\taria-required=\"true\"\n\t\t>\n\n\t\t\t<span id=\"question-6543-5421-label\" class=\"forminator-legend\">Se potessi ricevere un aiuto immediato, cosa sceglieresti?<\/span>\n\t\t\t\n\t\t\t\t\t<label for=\"question-6543-5421-0-6a06e33d203fb\" class=\"forminator-answer forminator-only--text\">\n\n\t\t\t\t\t\t<input\n\t\t\t\t\t\t\ttype=\"radio\"\n\t\t\t\t\t\t\tname=\"answers[question-6543-5421]\"\n\t\t\t\t\t\t\tvalue=\"0\"\n\t\t\t\t\t\t\tid=\"question-6543-5421-0-6a06e33d203fb\"\n\t\t\t\t\t\t\tclass=\"\"\n\t\t\t\t\t\t\/>\n\n\t\t\t\t\t\t<span class=\"forminator-answer--design\" for=\"question-6543-5421-0-6a06e33d203fb\">\n\t\t\t\t\t\t\n\t\t\t\t\t\t<span class=\"forminator-answer--status\" aria-hidden=\"true\">\n\t\t\t\t\t\t\t<i class=\"forminator-icon-check\"><\/i>\n\t\t\t\t\t\t<\/span>\n\n\t\t\t\t\t\t\t\t\t\t\t\t\t<span class=\"forminator-answer--name\">Qualcuno che mi aiuti a fare shopping in modo efficace.<\/span>\n\t\t\t\t\t\t\n\t\t\t\t\t\t<\/span>\n\t\t\t\t\t<\/label>\n\n\t\t\t\t\t\n\t\t\t\t\t<label for=\"question-6543-5421-1-6a06e33d203fb\" class=\"forminator-answer forminator-only--text\">\n\n\t\t\t\t\t\t<input\n\t\t\t\t\t\t\ttype=\"radio\"\n\t\t\t\t\t\t\tname=\"answers[question-6543-5421]\"\n\t\t\t\t\t\t\tvalue=\"1\"\n\t\t\t\t\t\t\tid=\"question-6543-5421-1-6a06e33d203fb\"\n\t\t\t\t\t\t\tclass=\"\"\n\t\t\t\t\t\t\/>\n\n\t\t\t\t\t\t<span class=\"forminator-answer--design\" for=\"question-6543-5421-1-6a06e33d203fb\">\n\t\t\t\t\t\t\n\t\t\t\t\t\t<span class=\"forminator-answer--status\" aria-hidden=\"true\">\n\t\t\t\t\t\t\t<i class=\"forminator-icon-check\"><\/i>\n\t\t\t\t\t\t<\/span>\n\n\t\t\t\t\t\t\t\t\t\t\t\t\t<span class=\"forminator-answer--name\">Un check-up del mio armadio per capire cosa tenere e cosa eliminare.<\/span>\n\t\t\t\t\t\t\n\t\t\t\t\t\t<\/span>\n\t\t\t\t\t<\/label>\n\n\t\t\t\t\t\n\t\t\t\t\t<label for=\"question-6543-5421-2-6a06e33d203fb\" class=\"forminator-answer forminator-only--text\">\n\n\t\t\t\t\t\t<input\n\t\t\t\t\t\t\ttype=\"radio\"\n\t\t\t\t\t\t\tname=\"answers[question-6543-5421]\"\n\t\t\t\t\t\t\tvalue=\"2\"\n\t\t\t\t\t\t\tid=\"question-6543-5421-2-6a06e33d203fb\"\n\t\t\t\t\t\t\tclass=\"\"\n\t\t\t\t\t\t\/>\n\n\t\t\t\t\t\t<span class=\"forminator-answer--design\" for=\"question-6543-5421-2-6a06e33d203fb\">\n\t\t\t\t\t\t\n\t\t\t\t\t\t<span class=\"forminator-answer--status\" aria-hidden=\"true\">\n\t\t\t\t\t\t\t<i class=\"forminator-icon-check\"><\/i>\n\t\t\t\t\t\t<\/span>\n\n\t\t\t\t\t\t\t\t\t\t\t\t\t<span class=\"forminator-answer--name\">Un\u2019analisi approfondita per trovare il mio stile personale.<\/span>\n\t\t\t\t\t\t\n\t\t\t\t\t\t<\/span>\n\t\t\t\t\t<\/label>\n\n\t\t\t\t\t\n\t\t<\/div>\n\n\t\t<\/div><\/div><div role=\"tabpanel\" id=\"forminator-custom-form-4218--page-4\" class=\"forminator-pagination forminator-hidden\" aria-labelledby=\"forminator-custom-form-4218--page-4-label\" data-step=\"4\" data-label=\"Seite 4\"><div class=\"forminator-pagination--content\"><div class=\"forminator-page-indicator\"><span>Seite 5 von 5<\/span><\/div>\n\t\t<div\n\t\t\ttabindex=\"0\"\n\t\t\trole=\"radiogroup\"\n\t\t\tid=\"question-7173-1847\"\n\t\t\tclass=\"forminator-question\"\n\t\t\tdata-question-type=\"personality\"\n\t\t\taria-labelledby=\"question-7173-1847-label\"\n\t\t\taria-describedby=\"question-7173-1847-description\"\n\t\t\taria-required=\"true\"\n\t\t>\n\n\t\t\t<span id=\"question-7173-1847-label\" class=\"forminator-legend\">Cosa ti ispira di pi\u00f9 quando guardi outfit o look altrui?<\/span>\n\t\t\t\n\t\t\t\t\t<label for=\"question-7173-1847-0-6a06e33d20467\" class=\"forminator-answer forminator-only--text\">\n\n\t\t\t\t\t\t<input\n\t\t\t\t\t\t\ttype=\"radio\"\n\t\t\t\t\t\t\tname=\"answers[question-7173-1847]\"\n\t\t\t\t\t\t\tvalue=\"0\"\n\t\t\t\t\t\t\tid=\"question-7173-1847-0-6a06e33d20467\"\n\t\t\t\t\t\t\tclass=\"\"\n\t\t\t\t\t\t\/>\n\n\t\t\t\t\t\t<span class=\"forminator-answer--design\" for=\"question-7173-1847-0-6a06e33d20467\">\n\t\t\t\t\t\t\n\t\t\t\t\t\t<span class=\"forminator-answer--status\" aria-hidden=\"true\">\n\t\t\t\t\t\t\t<i class=\"forminator-icon-check\"><\/i>\n\t\t\t\t\t\t<\/span>\n\n\t\t\t\t\t\t\t\t\t\t\t\t\t<span class=\"forminator-answer--name\">L\u2019armonia dei colori negli abbinamenti.<\/span>\n\t\t\t\t\t\t\n\t\t\t\t\t\t<\/span>\n\t\t\t\t\t<\/label>\n\n\t\t\t\t\t\n\t\t\t\t\t<label for=\"question-7173-1847-1-6a06e33d20467\" class=\"forminator-answer forminator-only--text\">\n\n\t\t\t\t\t\t<input\n\t\t\t\t\t\t\ttype=\"radio\"\n\t\t\t\t\t\t\tname=\"answers[question-7173-1847]\"\n\t\t\t\t\t\t\tvalue=\"1\"\n\t\t\t\t\t\t\tid=\"question-7173-1847-1-6a06e33d20467\"\n\t\t\t\t\t\t\tclass=\"\"\n\t\t\t\t\t\t\/>\n\n\t\t\t\t\t\t<span class=\"forminator-answer--design\" for=\"question-7173-1847-1-6a06e33d20467\">\n\t\t\t\t\t\t\n\t\t\t\t\t\t<span class=\"forminator-answer--status\" aria-hidden=\"true\">\n\t\t\t\t\t\t\t<i class=\"forminator-icon-check\"><\/i>\n\t\t\t\t\t\t<\/span>\n\n\t\t\t\t\t\t\t\t\t\t\t\t\t<span class=\"forminator-answer--name\">Come gli abiti valorizzano il corpo della persona.<\/span>\n\t\t\t\t\t\t\n\t\t\t\t\t\t<\/span>\n\t\t\t\t\t<\/label>\n\n\t\t\t\t\t\n\t\t\t\t\t<label for=\"question-7173-1847-2-6a06e33d20467\" class=\"forminator-answer forminator-only--text\">\n\n\t\t\t\t\t\t<input\n\t\t\t\t\t\t\ttype=\"radio\"\n\t\t\t\t\t\t\tname=\"answers[question-7173-1847]\"\n\t\t\t\t\t\t\tvalue=\"2\"\n\t\t\t\t\t\t\tid=\"question-7173-1847-2-6a06e33d20467\"\n\t\t\t\t\t\t\tclass=\"\"\n\t\t\t\t\t\t\/>\n\n\t\t\t\t\t\t<span class=\"forminator-answer--design\" for=\"question-7173-1847-2-6a06e33d20467\">\n\t\t\t\t\t\t\n\t\t\t\t\t\t<span class=\"forminator-answer--status\" aria-hidden=\"true\">\n\t\t\t\t\t\t\t<i class=\"forminator-icon-check\"><\/i>\n\t\t\t\t\t\t<\/span>\n\n\t\t\t\t\t\t\t\t\t\t\t\t\t<span class=\"forminator-answer--name\">L\u2019unicit\u00e0 dello stile di chi li indossa.<\/span>\n\t\t\t\t\t\t\n\t\t\t\t\t\t<\/span>\n\t\t\t\t\t<\/label>\n\n\t\t\t\t\t\n\t\t<\/div>\n\n\t\t<\/div><\/div><input type=\"hidden\" name=\"referer_url\" value=\"\" \/><div role=\"tabpanel\" id=\"forminator-custom-form-4218--page-5\" class=\"forminator-pagination forminator-hidden\" aria-labelledby=\"forminator-custom-form-4218--page-5-label\" data-step=\"5\" data-label=\"Seite 5\"><div class=\"forminator-pagination--content\"><div class=\"forminator-quiz--result\"><button class=\"forminator-button forminator-button-submit  forminator-pagination-submit\" data-loading=\"Ergebnis wird berechnet\" >Fertig zum Senden<\/button><\/div><\/div><\/div><input type=\"hidden\" id=\"forminator_nonce\" name=\"forminator_nonce\" value=\"6314a743c2\" \/><input type=\"hidden\" name=\"_wp_http_referer\" value=\"\/de\/wp-json\/wp\/v2\/pages\/4219\" \/><input type=\"hidden\" name=\"has_lead\" value=\"\"><input type=\"hidden\" name=\"form_id\" value=\"4218\"><input type=\"hidden\" name=\"page_id\" value=\"4219\"><input type=\"hidden\" name=\"current_url\" value=\"https:\/\/sarahvillalta.com\/de\/beauty\/test\/\"><input type=\"hidden\" name=\"action\" value=\"forminator_submit_form_quizzes\" \/><input type=\"hidden\" name=\"trp-form-language\" value=\"de\"\/><\/form><\/div>\n\t\t\t\t\t\t<\/div>\n\t\t\t\t<\/div>\n\t\t\t\t\t<\/div>\n\t\t\t\t<\/div>\n\t\t\t\t<\/div>","protected":false},"excerpt":{"rendered":"<p>DI CHE CONSULENZA HO BISOGNO?<\/p>","protected":false},"author":2,"featured_media":0,"parent":1367,"menu_order":0,"comment_status":"closed","ping_status":"closed","template":"","meta":{"om_disable_all_campaigns":false,"_monsterinsights_skip_tracking":false,"_monsterinsights_sitenote_active":false,"_monsterinsights_sitenote_note":"","_monsterinsights_sitenote_category":0,"_uf_show_specific_survey":0,"_uf_disable_surveys":false,"ocean_post_layout":"full-screen","ocean_both_sidebars_style":"","ocean_both_sidebars_content_width":0,"ocean_both_sidebars_sidebars_width":0,"ocean_sidebar":"0","ocean_second_sidebar":"0","ocean_disable_margins":"on","ocean_add_body_class":"","ocean_shortcode_before_top_bar":"","ocean_shortcode_after_top_bar":"","ocean_shortcode_before_header":"","ocean_shortcode_after_header":"","ocean_has_shortcode":"","ocean_shortcode_after_title":"","ocean_shortcode_before_footer_widgets":"","ocean_shortcode_after_footer_widgets":"","ocean_shortcode_before_footer_bottom":"","ocean_shortcode_after_footer_bottom":"","ocean_display_top_bar":"off","ocean_display_header":"off","ocean_header_style":"","ocean_center_header_left_menu":"0","ocean_custom_header_template":"0","ocean_custom_logo":0,"ocean_custom_retina_logo":0,"ocean_custom_logo_max_width":0,"ocean_custom_logo_tablet_max_width":0,"ocean_custom_logo_mobile_max_width":0,"ocean_custom_logo_max_height":0,"ocean_custom_logo_tablet_max_height":0,"ocean_custom_logo_mobile_max_height":0,"ocean_header_custom_menu":"0","ocean_menu_typo_font_family":"0","ocean_menu_typo_font_subset":"","ocean_menu_typo_font_size":0,"ocean_menu_typo_font_size_tablet":0,"ocean_menu_typo_font_size_mobile":0,"ocean_menu_typo_font_size_unit":"px","ocean_menu_typo_font_weight":"","ocean_menu_typo_font_weight_tablet":"","ocean_menu_typo_font_weight_mobile":"","ocean_menu_typo_transform":"","ocean_menu_typo_transform_tablet":"","ocean_menu_typo_transform_mobile":"","ocean_menu_typo_line_height":0,"ocean_menu_typo_line_height_tablet":0,"ocean_menu_typo_line_height_mobile":0,"ocean_menu_typo_line_height_unit":"","ocean_menu_typo_spacing":0,"ocean_menu_typo_spacing_tablet":0,"ocean_menu_typo_spacing_mobile":0,"ocean_menu_typo_spacing_unit":"","ocean_menu_link_color":"","ocean_menu_link_color_hover":"","ocean_menu_link_color_active":"","ocean_menu_link_background":"","ocean_menu_link_hover_background":"","ocean_menu_link_active_background":"","ocean_menu_social_links_bg":"","ocean_menu_social_hover_links_bg":"","ocean_menu_social_links_color":"","ocean_menu_social_hover_links_color":"","ocean_disable_title":"on","ocean_disable_heading":"default","ocean_post_title":"","ocean_post_subheading":"","ocean_post_title_style":"","ocean_post_title_background_color":"","ocean_post_title_background":0,"ocean_post_title_bg_image_position":"","ocean_post_title_bg_image_attachment":"","ocean_post_title_bg_image_repeat":"","ocean_post_title_bg_image_size":"","ocean_post_title_height":0,"ocean_post_title_bg_overlay":0.5,"ocean_post_title_bg_overlay_color":"","ocean_disable_breadcrumbs":"default","ocean_breadcrumbs_color":"","ocean_breadcrumbs_separator_color":"","ocean_breadcrumbs_links_color":"","ocean_breadcrumbs_links_hover_color":"","ocean_display_footer_widgets":"default","ocean_display_footer_bottom":"default","ocean_custom_footer_template":"0","footnotes":""},"class_list":["post-4219","page","type-page","status-publish","hentry","entry","owp-thumbs-layout-horizontal","owp-btn-normal","owp-tabs-layout-horizontal","has-no-thumbnails","has-product-nav"],"jetpack_sharing_enabled":true,"_links":{"self":[{"href":"https:\/\/sarahvillalta.com\/de\/wp-json\/wp\/v2\/pages\/4219","targetHints":{"allow":["GET"]}}],"collection":[{"href":"https:\/\/sarahvillalta.com\/de\/wp-json\/wp\/v2\/pages"}],"about":[{"href":"https:\/\/sarahvillalta.com\/de\/wp-json\/wp\/v2\/types\/page"}],"author":[{"embeddable":true,"href":"https:\/\/sarahvillalta.com\/de\/wp-json\/wp\/v2\/users\/2"}],"replies":[{"embeddable":true,"href":"https:\/\/sarahvillalta.com\/de\/wp-json\/wp\/v2\/comments?post=4219"}],"version-history":[{"count":12,"href":"https:\/\/sarahvillalta.com\/de\/wp-json\/wp\/v2\/pages\/4219\/revisions"}],"predecessor-version":[{"id":5354,"href":"https:\/\/sarahvillalta.com\/de\/wp-json\/wp\/v2\/pages\/4219\/revisions\/5354"}],"up":[{"embeddable":true,"href":"https:\/\/sarahvillalta.com\/de\/wp-json\/wp\/v2\/pages\/1367"}],"wp:attachment":[{"href":"https:\/\/sarahvillalta.com\/de\/wp-json\/wp\/v2\/media?parent=4219"}],"curies":[{"name":"wp","href":"https:\/\/api.w.org\/{rel}","templated":true}]}}