{"id":822,"date":"2023-04-28T14:10:27","date_gmt":"2023-04-28T14:10:27","guid":{"rendered":"http:\/\/sv-sarah-villalta.local\/?page_id=822"},"modified":"2025-08-28T14:41:37","modified_gmt":"2025-08-28T13:41:37","slug":"about","status":"publish","type":"page","link":"https:\/\/sarahvillalta.com\/de\/about\/","title":{"rendered":"A proposito di me &#8211; Sarah Villalta &#8211; \u00dcber mich"},"content":{"rendered":"<div data-elementor-type=\"wp-page\" data-elementor-id=\"822\" class=\"elementor elementor-822\">\n\t\t\t\t<div class=\"elementor-element elementor-element-302ae8e e-flex e-con-boxed wpr-particle-no wpr-jarallax-no wpr-parallax-no wpr-sticky-section-no wpr-equal-height-no e-con e-parent\" data-id=\"302ae8e\" data-element_type=\"container\" data-e-type=\"container\">\n\t\t\t\t\t<div class=\"e-con-inner\">\n\t\t\t\t<div class=\"elementor-element elementor-element-d850947 elementor-widget elementor-widget-heading\" data-id=\"d850947\" data-element_type=\"widget\" data-e-type=\"widget\" data-widget_type=\"heading.default\">\n\t\t\t\t<div class=\"elementor-widget-container\">\n\t\t\t\t\t<h2 class=\"elementor-heading-title elementor-size-default\">\u00dcBER MICH<\/h2>\t\t\t\t<\/div>\n\t\t\t\t<\/div>\n\t\t\t\t\t<\/div>\n\t\t\t\t<\/div>\n\t\t<div class=\"elementor-element elementor-element-2ace2bb e-flex e-con-boxed wpr-particle-no wpr-jarallax-no wpr-parallax-no wpr-sticky-section-no wpr-equal-height-no e-con e-parent\" data-id=\"2ace2bb\" data-element_type=\"container\" data-e-type=\"container\">\n\t\t\t\t\t<div class=\"e-con-inner\">\n\t\t\t\t<div class=\"elementor-element elementor-element-ac00636 elementor-invisible elementor-widget elementor-widget-text-editor\" data-id=\"ac00636\" data-element_type=\"widget\" data-e-type=\"widget\" data-settings=\"{&quot;_animation&quot;:&quot;fadeInLeft&quot;}\" data-widget_type=\"text-editor.default\">\n\t\t\t\t<div class=\"elementor-widget-container\">\n\t\t\t\t\t\t\t\t\t<p><em>Sono\u00a0<strong>Sarah Villalta<\/strong>, Consulente d&#8217;immagine, Personal Trainer e Bridal Stylist con anni di esperienza nel settore del benessere e dello stile personale. La mia carriera nasce dalla passione per la moda, dal desiderio di aiutare le persone a ritrovare la propria unicit\u00e0 e dall&#8217;impegno a valorizzare il loro potenziale, sia fisico che estetico.<\/em><\/p>\t\t\t\t\t\t\t\t<\/div>\n\t\t\t\t<\/div>\n\t\t\t\t\t<\/div>\n\t\t\t\t<\/div>\n\t\t\t\t<section class=\"elementor-section elementor-top-section elementor-element elementor-element-e33aebb elementor-section-stretched elementor-section-boxed elementor-section-height-default elementor-section-height-default wpr-particle-no wpr-jarallax-no wpr-parallax-no wpr-sticky-section-no wpr-equal-height-no\" data-id=\"e33aebb\" data-element_type=\"section\" data-e-type=\"section\" data-settings=\"{&quot;stretch_section&quot;:&quot;section-stretched&quot;,&quot;background_background&quot;:&quot;gradient&quot;}\">\n\t\t\t\t\t\t\t<div class=\"elementor-background-overlay\"><\/div>\n\t\t\t\t\t\t\t<div class=\"elementor-container elementor-column-gap-default\">\n\t\t\t\t\t<div class=\"elementor-column elementor-col-50 elementor-top-column elementor-element elementor-element-e15973e\" data-id=\"e15973e\" data-element_type=\"column\" data-e-type=\"column\">\n\t\t\t<div class=\"elementor-widget-wrap elementor-element-populated\">\n\t\t\t\t\t\t<div class=\"elementor-element elementor-element-c5fd57a elementor-widget elementor-widget-image\" data-id=\"c5fd57a\" data-element_type=\"widget\" data-e-type=\"widget\" data-widget_type=\"image.default\">\n\t\t\t\t<div class=\"elementor-widget-container\">\n\t\t\t\t\t\t\t\t\t\t\t\t\t\t\t<img fetchpriority=\"high\" decoding=\"async\" width=\"768\" height=\"1024\" src=\"https:\/\/sarahvillalta.com\/wp-content\/uploads\/2025\/08\/WhatsApp-Image-2025-08-28-at-14.10.13_09dc99b1-768x1024.jpg\" class=\"attachment-large size-large wp-image-5474\" alt=\"\" srcset=\"https:\/\/sarahvillalta.com\/wp-content\/uploads\/2025\/08\/WhatsApp-Image-2025-08-28-at-14.10.13_09dc99b1-768x1024.jpg 768w, https:\/\/sarahvillalta.com\/wp-content\/uploads\/2025\/08\/WhatsApp-Image-2025-08-28-at-14.10.13_09dc99b1-225x300.jpg 225w, https:\/\/sarahvillalta.com\/wp-content\/uploads\/2025\/08\/WhatsApp-Image-2025-08-28-at-14.10.13_09dc99b1-1152x1536.jpg 1152w, https:\/\/sarahvillalta.com\/wp-content\/uploads\/2025\/08\/WhatsApp-Image-2025-08-28-at-14.10.13_09dc99b1-9x12.jpg 9w, https:\/\/sarahvillalta.com\/wp-content\/uploads\/2025\/08\/WhatsApp-Image-2025-08-28-at-14.10.13_09dc99b1.jpg 1200w\" sizes=\"(max-width: 768px) 100vw, 768px\" \/>\t\t\t\t\t\t\t\t\t\t\t\t\t\t\t<\/div>\n\t\t\t\t<\/div>\n\t\t\t\t\t<\/div>\n\t\t<\/div>\n\t\t\t\t<div class=\"elementor-column elementor-col-50 elementor-top-column elementor-element elementor-element-39b2efb\" data-id=\"39b2efb\" data-element_type=\"column\" data-e-type=\"column\">\n\t\t\t<div class=\"elementor-widget-wrap elementor-element-populated\">\n\t\t\t\t\t\t<div class=\"elementor-element elementor-element-d390758 wpr-adv-slider-columns-1 wpr-adv-slider-columns--tablet1 wpr-adv-slider-columns--mobile1 wpr-adv-slides-to-scroll-1 wpr-slider-dots-horizontal elementor-widget elementor-widget-wpr-advanced-slider\" data-id=\"d390758\" data-element_type=\"widget\" data-e-type=\"widget\" data-settings=\"{&quot;slider_amount&quot;:1,&quot;slider_amount_tablet&quot;:1,&quot;slider_amount_mobile&quot;:1,&quot;slides_to_scroll&quot;:1,&quot;slider_loop&quot;:&quot;yes&quot;,&quot;slider_hide_video_content&quot;:&quot;yes&quot;,&quot;slider_video_btn_size&quot;:&quot;medium&quot;}\" data-widget_type=\"wpr-advanced-slider.default\">\n\t\t\t\t<div class=\"elementor-widget-container\">\n\t\t\t\t\t\n\t\t<!-- Advanced Slider -->\n\t\t<div class=\"wpr-advanced-slider-wrap\">\n\t\t\t\n\t\t\t<div class=\"wpr-advanced-slider\" dir=\"ltr\" data-slick=\"{&quot;rtl&quot;:false,&quot;infinite&quot;:true,&quot;speed&quot;:700,&quot;arrows&quot;:true,&quot;dots&quot;:true,&quot;autoplay&quot;:false,&quot;autoplaySpeed&quot;:1000,&quot;pauseOnHover&quot;:&quot;&quot;,&quot;prevArrow&quot;:&quot;#wpr-slider-prev-d390758&quot;,&quot;nextArrow&quot;:&quot;#wpr-slider-next-d390758&quot;,&quot;vertical&quot;:false,&quot;adaptiveHeight&quot;:true}\" data-hide-video-content=\"yes\" data-video-btn-size=\"{&quot;widescreen&quot;:&quot;medium&quot;,&quot;desktop&quot;:&quot;medium&quot;,&quot;laptop&quot;:&quot;medium&quot;,&quot;tablet_extra&quot;:&quot;medium&quot;,&quot;tablet&quot;:&quot;medium&quot;,&quot;mobile_extra&quot;:&quot;medium&quot;,&quot;mobile&quot;:&quot;medium&quot;}\" data-slide-effect=\"slide\">\n\t\t\t\t<div class=\"wpr-slider-item elementor-repeater-item-fa76e0a\"><div class=\"wpr-slider-item-bg\" style=\"background-image: url()\"><\/div><div class=\"wpr-cv-container\"><div class=\"wpr-cv-outer\"><div class=\"wpr-cv-inner\"><div class=\"wpr-slider-content\"><div class=\"wpr-slider-title\"><h2>Mein Angebot<\/h2><\/div><div class=\"wpr-slider-description\"><p class=\"translation-block\">Ich arbeite auf 360 Grad und basiere mich auf einen personalisierten Ansatz, der das k\u00f6rperliche Wohlsein mit der \u00e4u\u00dferen Pflege verbindet. Dank meiner Erfahrung als <strong>Personal Trainer<\/strong> kann ich auf die Bed\u00fcrfnisse jedes Kunden ma\u00dfgeschneiderte Trainingspl\u00e4ne erstellen und einen Parcours garantieren, der den K\u00f6rper ins Szene setzt und das Selbstvertrauen in die H\u00f6he treibt.<\/p><\/div><div class=\"wpr-slider-btns\"><\/div><\/div><\/div><\/div><\/div><\/div><div class=\"wpr-slider-item elementor-repeater-item-911ae7f\"><div class=\"wpr-slider-item-bg\" style=\"background-image: url()\"><\/div><div class=\"wpr-cv-container\"><div class=\"wpr-cv-outer\"><div class=\"wpr-cv-inner\"><div class=\"wpr-slider-content\"><div class=\"wpr-slider-title\"><h2>Mein Angebot<\/h2><\/div><div class=\"wpr-slider-description\"><p class=\"translation-block\">Als <strong>Imageberaterin<\/strong> und <strong>Brautstylistin<\/strong> bin ich f\u00fcr Sie da, wenn es darum geht, den perfekten Look zu finden, der Ihre Pers\u00f6nlichkeit perfekt unterstreicht. Ich unterst\u00fctze Sie bei der Wahl der passenden Kleidung und des perfekten Zubeh\u00f6rs und f\u00fchre Farb- und Figuranalysen durch. Ich stehe Ihnen bei der Vorbereitung auf den gro\u00dfen Tag zur Seite und verhelfe Ihnen zu einem sensationellen Auftritt in jeder Gelegenheit.<\/p><\/div><div class=\"wpr-slider-btns\"><\/div><\/div><\/div><\/div><\/div><\/div><div class=\"wpr-slider-item elementor-repeater-item-6dd1f45\"><div class=\"wpr-slider-item-bg\" style=\"background-image: url()\"><\/div><div class=\"wpr-cv-container\"><div class=\"wpr-cv-outer\"><div class=\"wpr-cv-inner\"><div class=\"wpr-slider-content\"><div class=\"wpr-slider-title\"><h2>Mein Angebot<\/h2><\/div><div class=\"wpr-slider-description\"><p class=\"translation-block\">Dazu besch\u00e4ftige ich mich mit <strong>Infrarotlichtbehandlungen<\/strong>. Diese innovative Technologie entspannt die Muskeln, verbessert die Durchblutung und hilft dem K\u00f6rper, Giftstoffe auszuscheiden. Wenn Sie sich eine Mischung aus k\u00f6rperlichem Wohlbefinden und Regeneration w\u00fcnschen, sind diese Behandlungen genau das Richtige f\u00fcr Sie.<\/p><\/div><div class=\"wpr-slider-btns\"><\/div><\/div><\/div><\/div><\/div><\/div><div class=\"wpr-slider-item elementor-repeater-item-b113b14\"><div class=\"wpr-slider-item-bg\" style=\"background-image: url()\"><\/div><div class=\"wpr-cv-container\"><div class=\"wpr-cv-outer\"><div class=\"wpr-cv-inner\"><div class=\"wpr-slider-content\"><div class=\"wpr-slider-title\"><h2>Perch\u00e9 scegliere me<\/h2><\/div><div class=\"wpr-slider-description\"><p class=\"translation-block\">Jeder Parcours wird individuell und ma\u00dfgeschneidert entwickelt, um die spezifischen Bed\u00fcrfnisse und Ziele des Kunden zu erf\u00fcllen. Ich biete ein umfassendes Serviceangebot, das jede Einzelheit sorgf\u00e4ltig pflegt und eine harmonische Verbindung zwischen <strong>Wohlbefinden, \u00c4sthetik und Stil <\/strong>gew\u00e4hrleistet.\n\nMit meinem ganzheitlichen Ansatz werde ich Sie auf einer Reise der Ver\u00e4nderung f\u00fchren, mit dem Ziel, Ihre Einzigartigkeit zu betonen und Ihnen zu erm\u00f6glichen, <strong>Ihre beste innere und \u00e4u\u00dfere Version <\/strong>auszudr\u00fccken.<\/p><\/div><div class=\"wpr-slider-btns\"><\/div><\/div><\/div><\/div><\/div><\/div>\t\t\t<\/div>\n\t\t\t<div class=\"wpr-slider-controls\">\n\t\t\t\t<div class=\"wpr-slider-dots\"><\/div>\n\t\t\t<\/div>\n\n\t\t\t<div class=\"wpr-slider-arrow-container\">\n\t\t\t\t<div class=\"wpr-slider-prev-arrow wpr-slider-arrow\" id=\"wpr-slider-prev-d390758\">\n\t\t\t\t\t<svg version=\"1.1\" xmlns=\"http:\/\/www.w3.org\/2000\/svg\" xmlns:xlink=\"http:\/\/www.w3.org\/1999\/xlink\" x=\"0px\" y=\"0px\" viewbox=\"0 0 283.4 512\" style=\"enable-background:new 0 0 283.4 512;\" xml:space=\"preserve\"><g><polygon class=\"st0\" points=\"54.5,256.3 283.4,485.1 256.1,512.5 0,256.3 0,256.3 27.2,229 256.1,0 283.4,27.4 \"\/><\/g><\/svg>\t\t\t\t<\/div>\n\t\t\t\t<div class=\"wpr-slider-next-arrow wpr-slider-arrow\" id=\"wpr-slider-next-d390758\">\n\t\t\t\t\t<svg version=\"1.1\" xmlns=\"http:\/\/www.w3.org\/2000\/svg\" xmlns:xlink=\"http:\/\/www.w3.org\/1999\/xlink\" x=\"0px\" y=\"0px\" viewbox=\"0 0 283.4 512\" style=\"enable-background:new 0 0 283.4 512;\" xml:space=\"preserve\"><g><polygon class=\"st0\" points=\"54.5,256.3 283.4,485.1 256.1,512.5 0,256.3 0,256.3 27.2,229 256.1,0 283.4,27.4 \"\/><\/g><\/svg>\t\t\t\t<\/div>\n\t\t\t<\/div>\n\t\t\t\n\t\t\t\n\t\t<\/div>\n\t\t\t\t\t\t<\/div>\n\t\t\t\t<\/div>\n\t\t\t\t\t<\/div>\n\t\t<\/div>\n\t\t\t\t\t<\/div>\n\t\t<\/section>\n\t\t\t\t<\/div>","protected":false},"excerpt":{"rendered":"<p>A PROPOSITO DI ME Sono\u00a0Sarah Villalta, Consulente d&#8217;immagine, Personal Trainer e Bridal Stylist con anni di esperienza nel settore del benessere e dello stile personale. La mia carriera nasce dalla passione per la moda, dal desiderio di aiutare le persone a ritrovare la propria unicit\u00e0 e dall&#8217;impegno a valorizzare il loro potenziale, sia fisico che estetico. Cosa offro Il mio lavoro \u00e8 a 360\u00b0 e si basa su un approccio personalizzato, che unisce il benessere fisico e la cura dell\u2019immagine. Grazie alla mia esperienza come Personal Trainer, posso creare piani di allenamento mirati alle esigenze di ogni cliente, garantendo un percorso che valorizza il corpo e accresce la fiducia in s\u00e9 stesse. Cosa offro Come Consulente d\u2019immagine e Bridal Stylist, invece, mi occupo di definire uno stile che rispecchi appieno la personalit\u00e0 di chi si affida a me. Dalla scelta dell\u2019abbigliamento e degli accessori pi\u00f9 adatti, all\u2019analisi del colore e della figura, fino al supporto per il look perfetto nel giorno pi\u00f9 importante della tua vita, il mio obiettivo \u00e8 aiutarti a sentirti al meglio in ogni occasione. Cosa offro Inoltre, mi occupo di trattamenti a luce infrarossa, una tecnologia innovativa che favorisce il rilassamento muscolare, migliora la circolazione sanguigna e aiuta a eliminare le tossine. Questi trattamenti sono ideali per chi desidera combinare il benessere fisico con un momento di rigenerazione Perch\u00e9 scegliere me Il mio punto di forza \u00e8 la personalizzazione: ogni percorso \u00e8 unico e creato su misura per rispondere alle esigenze e agli obiettivi specifici della cliente. Offro un\u2019esperienza completa che si prende cura di ogni dettaglio, garantendo un\u2019armonia tra benessere, bellezza e stile. Con il mio approccio olistico, ti guider\u00f2 in un viaggio di trasformazione che esalter\u00e0 la tua unicit\u00e0 e ti permetter\u00e0 di esprimere la tua versione migliore, sia dentro che fuori.<\/p>","protected":false},"author":2,"featured_media":0,"parent":0,"menu_order":0,"comment_status":"closed","ping_status":"closed","template":"","meta":{"om_disable_all_campaigns":false,"_monsterinsights_skip_tracking":false,"_monsterinsights_sitenote_active":false,"_monsterinsights_sitenote_note":"","_monsterinsights_sitenote_category":0,"_uf_show_specific_survey":0,"_uf_disable_surveys":false,"ocean_post_layout":"full-screen","ocean_both_sidebars_style":"","ocean_both_sidebars_content_width":0,"ocean_both_sidebars_sidebars_width":0,"ocean_sidebar":"0","ocean_second_sidebar":"0","ocean_disable_margins":"on","ocean_add_body_class":"","ocean_shortcode_before_top_bar":"","ocean_shortcode_after_top_bar":"","ocean_shortcode_before_header":"","ocean_shortcode_after_header":"","ocean_has_shortcode":"","ocean_shortcode_after_title":"","ocean_shortcode_before_footer_widgets":"","ocean_shortcode_after_footer_widgets":"","ocean_shortcode_before_footer_bottom":"","ocean_shortcode_after_footer_bottom":"","ocean_display_top_bar":"off","ocean_display_header":"off","ocean_header_style":"","ocean_center_header_left_menu":"0","ocean_custom_header_template":"0","ocean_custom_logo":0,"ocean_custom_retina_logo":0,"ocean_custom_logo_max_width":0,"ocean_custom_logo_tablet_max_width":0,"ocean_custom_logo_mobile_max_width":0,"ocean_custom_logo_max_height":0,"ocean_custom_logo_tablet_max_height":0,"ocean_custom_logo_mobile_max_height":0,"ocean_header_custom_menu":"0","ocean_menu_typo_font_family":"0","ocean_menu_typo_font_subset":"","ocean_menu_typo_font_size":0,"ocean_menu_typo_font_size_tablet":0,"ocean_menu_typo_font_size_mobile":0,"ocean_menu_typo_font_size_unit":"px","ocean_menu_typo_font_weight":"","ocean_menu_typo_font_weight_tablet":"","ocean_menu_typo_font_weight_mobile":"","ocean_menu_typo_transform":"","ocean_menu_typo_transform_tablet":"","ocean_menu_typo_transform_mobile":"","ocean_menu_typo_line_height":0,"ocean_menu_typo_line_height_tablet":0,"ocean_menu_typo_line_height_mobile":0,"ocean_menu_typo_line_height_unit":"","ocean_menu_typo_spacing":0,"ocean_menu_typo_spacing_tablet":0,"ocean_menu_typo_spacing_mobile":0,"ocean_menu_typo_spacing_unit":"","ocean_menu_link_color":"","ocean_menu_link_color_hover":"","ocean_menu_link_color_active":"","ocean_menu_link_background":"","ocean_menu_link_hover_background":"","ocean_menu_link_active_background":"","ocean_menu_social_links_bg":"","ocean_menu_social_hover_links_bg":"","ocean_menu_social_links_color":"","ocean_menu_social_hover_links_color":"","ocean_disable_title":"on","ocean_disable_heading":"default","ocean_post_title":"","ocean_post_subheading":"","ocean_post_title_style":"","ocean_post_title_background_color":"","ocean_post_title_background":0,"ocean_post_title_bg_image_position":"","ocean_post_title_bg_image_attachment":"","ocean_post_title_bg_image_repeat":"","ocean_post_title_bg_image_size":"","ocean_post_title_height":0,"ocean_post_title_bg_overlay":0.5,"ocean_post_title_bg_overlay_color":"","ocean_disable_breadcrumbs":"default","ocean_breadcrumbs_color":"","ocean_breadcrumbs_separator_color":"","ocean_breadcrumbs_links_color":"","ocean_breadcrumbs_links_hover_color":"","ocean_display_footer_widgets":"default","ocean_display_footer_bottom":"default","ocean_custom_footer_template":"0","footnotes":""},"class_list":["post-822","page","type-page","status-publish","hentry","entry","owp-thumbs-layout-horizontal","owp-btn-normal","owp-tabs-layout-horizontal","has-no-thumbnails","has-product-nav"],"jetpack_sharing_enabled":true,"_links":{"self":[{"href":"https:\/\/sarahvillalta.com\/de\/wp-json\/wp\/v2\/pages\/822","targetHints":{"allow":["GET"]}}],"collection":[{"href":"https:\/\/sarahvillalta.com\/de\/wp-json\/wp\/v2\/pages"}],"about":[{"href":"https:\/\/sarahvillalta.com\/de\/wp-json\/wp\/v2\/types\/page"}],"author":[{"embeddable":true,"href":"https:\/\/sarahvillalta.com\/de\/wp-json\/wp\/v2\/users\/2"}],"replies":[{"embeddable":true,"href":"https:\/\/sarahvillalta.com\/de\/wp-json\/wp\/v2\/comments?post=822"}],"version-history":[{"count":79,"href":"https:\/\/sarahvillalta.com\/de\/wp-json\/wp\/v2\/pages\/822\/revisions"}],"predecessor-version":[{"id":5568,"href":"https:\/\/sarahvillalta.com\/de\/wp-json\/wp\/v2\/pages\/822\/revisions\/5568"}],"wp:attachment":[{"href":"https:\/\/sarahvillalta.com\/de\/wp-json\/wp\/v2\/media?parent=822"}],"curies":[{"name":"wp","href":"https:\/\/api.w.org\/{rel}","templated":true}]}}